{"id":5,"date":"2023-06-02T16:02:16","date_gmt":"2023-06-02T19:02:16","guid":{"rendered":"http:\/\/www.tenhoparkinson.com.br\/?page_id=5"},"modified":"2025-09-11T17:13:47","modified_gmt":"2025-09-11T20:13:47","slug":"inicio","status":"publish","type":"page","link":"https:\/\/www.tenhoparkinson.com.br\/","title":{"rendered":"Apresenta\u00e7\u00e3o"},"content":{"rendered":"<div class=\"wp-block-image is-style-rounded\">\r\n<figure class=\"aligncenter size-large is-resized\"><img loading=\"lazy\" decoding=\"async\" class=\"wp-image-93\" src=\"http:\/\/www.tenhoparkinson.com.br\/wp-content\/uploads\/2020\/10\/logo-Parkinson-edited-1.jpeg\" alt=\"\" width=\"604\" height=\"293\" \/><\/figure><\/div>\r\n\r\n\r\n<p>&nbsp;<\/p>\r\n\r\n\r\n\r\n<p>Este <em>website<\/em> cumpre seu papel de divulga\u00e7\u00e3o e reposit\u00f3rio de informa\u00e7\u00e3o sobre a doen\u00e7a de Parkinson (DP), para utiliza\u00e7\u00e3o por pessoas com DP, familiares, cuidadores, profissionais da sa\u00fade ou estudantes com interesse na DP.<\/p>\r\n<p>Na aba \u201c<strong>Textos de Interesse<\/strong>\u201d voc\u00ea vai encontrar textos que dizem respeito a situa\u00e7\u00f5es que fazem parte, direta ou indiretamente, da vida das pessoas com a DP. A linguagem utilizada \u00e9, tanto quanto poss\u00edvel, coloquial e compreens\u00edvel por leigos.<\/p>\r\n<p>Evidentemente que a profundidade da abordagem adotada em cada assunto \u00e9 limitada pelo fato do autor n\u00e3o ser um profissional da \u00e1rea de sa\u00fade. Por\u00e9m, com certeza, atende ao prop\u00f3sito maior de despertar o interesse na discuss\u00e3o da doen\u00e7a e seus diversos comprometimentos.<\/p>\r\n<p>Na aba \u201c<strong>Bate papo<\/strong>\u201d voc\u00ea vai encontrar o registro de algumas entrevistas e palestras das quais o autor participou.<\/p>\r\n<p>Em \u201c<strong>livros para download<\/strong>\u201d voc\u00ea encontra alguns livros e cartilhas para <em>download<\/em>\u00a0gratuito em pdf.<\/p>\r\n<p>Na <strong>loja<\/strong> voc\u00ea vai encontrar sugest\u00f5es de livros a venda.<\/p>\r\n<p>Se desejar, fale com o autor utilizando a aba \u201c<strong>Entre em Contato<\/strong>\u201d.<\/p>\r\n<p>Conhe\u00e7a um pouco quem \u00e9 o autor em <strong>&#8220;Sobre o autor&#8221;<\/strong><\/p>\r\n<p>Que a leitura seja agrad\u00e1vel e que alguns dos assuntos apresentados despertem seu interesse em saber um pouco mais sobre como lidar com a DP.<\/p>\r\n\r\n\r\n\r\n\r\n\r\n\r\n\r\n<p>&nbsp;<\/p>\r\n","protected":false},"excerpt":{"rendered":"<p>&nbsp; Este website cumpre seu papel de divulga\u00e7\u00e3o e reposit\u00f3rio de informa\u00e7\u00e3o sobre a doen\u00e7a de Parkinson (DP), para utiliza\u00e7\u00e3o por pessoas com DP, familiares, cuidadores, profissionais da sa\u00fade ou estudantes com interesse na DP. Na aba \u201cTextos de Interesse\u201d voc\u00ea vai encontrar textos que dizem respeito a situa\u00e7\u00f5es que fazem parte, direta ou indiretamente, [&hellip;]<\/p>\n","protected":false},"author":1,"featured_media":0,"parent":0,"menu_order":1,"comment_status":"closed","ping_status":"closed","template":"","meta":{"footnotes":""},"class_list":["post-5","page","type-page","status-publish","hentry"],"_links":{"self":[{"href":"https:\/\/www.tenhoparkinson.com.br\/index.php?rest_route=\/wp\/v2\/pages\/5","targetHints":{"allow":["GET"]}}],"collection":[{"href":"https:\/\/www.tenhoparkinson.com.br\/index.php?rest_route=\/wp\/v2\/pages"}],"about":[{"href":"https:\/\/www.tenhoparkinson.com.br\/index.php?rest_route=\/wp\/v2\/types\/page"}],"author":[{"embeddable":true,"href":"https:\/\/www.tenhoparkinson.com.br\/index.php?rest_route=\/wp\/v2\/users\/1"}],"replies":[{"embeddable":true,"href":"https:\/\/www.tenhoparkinson.com.br\/index.php?rest_route=%2Fwp%2Fv2%2Fcomments&post=5"}],"version-history":[{"count":30,"href":"https:\/\/www.tenhoparkinson.com.br\/index.php?rest_route=\/wp\/v2\/pages\/5\/revisions"}],"predecessor-version":[{"id":401,"href":"https:\/\/www.tenhoparkinson.com.br\/index.php?rest_route=\/wp\/v2\/pages\/5\/revisions\/401"}],"wp:attachment":[{"href":"https:\/\/www.tenhoparkinson.com.br\/index.php?rest_route=%2Fwp%2Fv2%2Fmedia&parent=5"}],"curies":[{"name":"wp","href":"https:\/\/api.w.org\/{rel}","templated":true}]}}